{"id":289,"date":"2018-12-11T14:14:37","date_gmt":"2018-12-11T13:14:37","guid":{"rendered":"https:\/\/audienceinmind.com\/?page_id=289"},"modified":"2024-09-01T17:39:25","modified_gmt":"2024-09-01T15:39:25","slug":"kontakt","status":"publish","type":"page","link":"https:\/\/audienceinmind.com\/en\/kontakt\/","title":{"rendered":"Contact"},"content":{"rendered":"<p>[et_pb_section fb_built=&#8220;1&#8243; custom_padding_last_edited=&#8220;on|phone&#8220; next_background_color=&#8220;#ec5d57&#8243; admin_label=&#8220;Testimonial&#8220; _builder_version=&#8220;4.16&#8243; background_color=&#8220;#f1f5f7&#8243; background_image=&#8220;https:\/\/audienceinmind.com\/wp-content\/uploads\/2018\/12\/quotes.png&#8220; background_size=&#8220;initial&#8220; background_position=&#8220;bottom_right&#8220; custom_padding=&#8220;80px|0|120px|0px|false|false&#8220; custom_padding_tablet=&#8220;60px||100px|&#8220; custom_padding_phone=&#8220;20px||&#8220; bottom_divider_style=&#8220;waves2&#8243; bottom_divider_repeat=&#8220;0.2x&#8220; bottom_divider_flip=&#8220;horizontal&#8220; global_colors_info=&#8220;{}&#8220;][et_pb_row _builder_version=&#8220;4.16&#8243; custom_padding=&#8220;0|0px|2px|0px&#8220; global_colors_info=&#8220;{}&#8220;][et_pb_column type=&#8220;4_4&#8243; _builder_version=&#8220;4.16&#8243; custom_padding=&#8220;|||&#8220; global_colors_info=&#8220;{}&#8220; custom_padding__hover=&#8220;|||&#8220;][et_pb_text admin_label=&#8220;Text&#8220; _builder_version=&#8220;4.16&#8243; text_font=&#8220;Montserrat|300|on||||||&#8220; text_font_size=&#8220;20px&#8220; text_line_height=&#8220;1.8em&#8220; text_orientation=&#8220;center&#8220; max_width=&#8220;800px&#8220; module_alignment=&#8220;center&#8220; inline_fonts=&#8220;Arial,Verdana&#8220; global_colors_info=&#8220;{}&#8220;]<\/p>\n<p><span style=\"font-family: Verdana; font-weight: normal;\">\"For sustainable product strategies and innovative service concepts, it is nowadays essential to know the potential target groups and their context of use in detail and to include this knowledge in the development of ideas at an early stage. A target image that is aligned with the users and their environment guarantees later success for the product and its application.\"<\/span><\/p>\n<p>[\/et_pb_text][et_pb_blurb title=&#8220;Wiebke Kudernatsch&#8220; image=&#8220;https:\/\/audienceinmind.com\/wp-content\/uploads\/2018\/12\/Wiebke_ohne-Rahmen.jpg&#8220; image_icon_width=&#8220;100px&#8220; _builder_version=&#8220;4.16&#8243; header_font=&#8220;Montserrat||||||||&#8220; header_font_size=&#8220;19px&#8220; body_font=&#8220;Montserrat|300|||||||&#8220; body_text_align=&#8220;center&#8220; body_font_size=&#8220;16px&#8220; text_orientation=&#8220;center&#8220; custom_padding=&#8220;|||&#8220; border_radii_image=&#8220;on|100%|100%|100%|100%&#8220; image_max_width=&#8220;100px&#8220; inline_fonts=&#8220;Georgia&#8220; global_colors_info=&#8220;{}&#8220;]<\/p>\n<p><span style=\"font-family: inherit; font-weight: normal;\">About effective and good design work in the<\/span><br \/><span style=\"font-family: inherit; font-weight: normal;\"> product &amp; service area<\/span><\/p>\n<p>[\/et_pb_blurb][\/et_pb_column][\/et_pb_row][\/et_pb_section][et_pb_section fb_built=&#8220;1&#8243; admin_label=&#8220;Footer&#8220; _builder_version=&#8220;4.16&#8243; background_color=&#8220;#ec5d57&#8243; custom_margin=&#8220;||&#8220; custom_padding=&#8220;20px||50px||false|false&#8220; top_divider_height=&#8220;660px&#8220; top_divider_flip=&#8220;horizontal&#8220; bottom_divider_style=&#8220;clouds2&#8243; bottom_divider_color=&#8220;rgba(255,255,255,0.08)&#8220; bottom_divider_height=&#8220;600px&#8220; bottom_divider_flip=&#8220;vertical&#8220; global_colors_info=&#8220;{}&#8220;][et_pb_row _builder_version=&#8220;4.16&#8243; global_colors_info=&#8220;{}&#8220;][et_pb_column type=&#8220;4_4&#8243; _builder_version=&#8220;4.16&#8243; custom_padding=&#8220;|||&#8220; global_colors_info=&#8220;{}&#8220; custom_padding__hover=&#8220;|||&#8220;][et_pb_image src=&#8220;https:\/\/audienceinmind.com\/wp-content\/uploads\/2018\/12\/noun_D20_1315314_ffffff.png&#8220; align=&#8220;center&#8220; align_tablet=&#8220;center&#8220; align_phone=&#8220;&#8220; align_last_edited=&#8220;on|desktop&#8220; _builder_version=&#8220;4.16&#8243; max_width=&#8220;5%&#8220; max_width_tablet=&#8220;8%&#8220; max_width_phone=&#8220;12%&#8220; max_width_last_edited=&#8220;on|desktop&#8220; locked=&#8220;off&#8220; global_colors_info=&#8220;{}&#8220;][\/et_pb_image][et_pb_text _builder_version=&#8220;4.16&#8243; text_font=&#8220;Montserrat||||||||&#8220; header_font=&#8220;||||||||&#8220; header_2_font=&#8220;Montserrat|300|||||||&#8220; header_2_text_align=&#8220;center&#8220; header_2_font_size=&#8220;40px&#8220; header_2_line_height=&#8220;1.4em&#8220; header_3_font=&#8220;||||||||&#8220; header_4_font=&#8220;||||||||&#8220; text_orientation=&#8220;center&#8220; background_layout=&#8220;dark&#8220; header_2_font_size_tablet=&#8220;33px&#8220; header_2_font_size_phone=&#8220;30px&#8220; header_2_font_size_last_edited=&#8220;on|desktop&#8220; header_2_line_height_tablet=&#8220;1.4em&#8220; header_2_line_height_phone=&#8220;&#8220; header_2_line_height_last_edited=&#8220;on|desktop&#8220; inline_fonts=&#8220;Arial&#8220; global_colors_info=&#8220;{}&#8220;]<\/p>\n<h2><span style=\"font-family: inherit; font-weight: normal;\">Impact-Oriented<\/span><br \/><span style=\"font-family: inherit; font-weight: normal;\">Product &amp; Service Design<\/span><\/h2>\n<p>[\/et_pb_text][et_pb_text _builder_version=&#8220;4.16&#8243; text_font=&#8220;Montserrat|||on|||||&#8220; text_text_color=&#8220;rgba(255,255,255,0.7)&#8220; text_font_size=&#8220;16px&#8220; text_orientation=&#8220;center&#8220; background_layout=&#8220;dark&#8220; custom_padding=&#8220;0px|||&#8220; custom_padding_tablet=&#8220;&#8220; custom_padding_phone=&#8220;&#8220; custom_padding_last_edited=&#8220;on|desktop&#8220; inline_fonts=&#8220;Arial&#8220; global_colors_info=&#8220;{}&#8220;]<\/p>\n<p><span style=\"font-family: inherit; font-weight: normal;\"><span style=\"background-color: #ec5d57; font-size: 16px;\">UX DRIVEN PROJECT SETUPS. PRODUCT DISCOVERIES. DESIGN MANAGEMENT.<\/span><span style=\"font-size: 16px;\"> Design Thinking. IMPACT-ORIENTED SERVICE DESIGN TRAININGS. STRATEGIC PRODUCT DESIGN.<\/span><\/span><\/p>\n<p>[\/et_pb_text][\/et_pb_column][\/et_pb_row][et_pb_row column_structure=&#8220;1_3,1_3,1_3&#8243; admin_label=&#8220;Content Area&#8220; _builder_version=&#8220;4.16&#8243; global_colors_info=&#8220;{}&#8220;][et_pb_column type=&#8220;1_3&#8243; _builder_version=&#8220;4.16&#8243; custom_padding=&#8220;|||&#8220; global_colors_info=&#8220;{}&#8220; custom_padding__hover=&#8220;|||&#8220;][\/et_pb_column][et_pb_column type=&#8220;1_3&#8243; _builder_version=&#8220;4.16&#8243; custom_padding=&#8220;|||&#8220; global_colors_info=&#8220;{}&#8220; custom_padding__hover=&#8220;|||&#8220;][et_pb_blurb title=&#8220;wiebke@audienceinmind.com&#8220; use_icon=&#8220;on&#8220; font_icon=&#8220;&#xe076;||divi||400&#8243; image_icon_background_color=&#8220;#ffffff&#8220; icon_placement=&#8220;left&#8220; image_icon_width=&#8220;16px&#8220; _builder_version=&#8220;4.16&#8243; header_font=&#8220;Montserrat||||||||&#8220; header_text_color=&#8220;#ffffff&#8220; header_font_size=&#8220;18px&#8220; header_line_height=&#8220;1.7em&#8220; body_font=&#8220;||||||||&#8220; image_icon_custom_padding=&#8220;8px|8px|8px|8px|false|false&#8220; background_layout=&#8220;dark&#8220; custom_margin=&#8220;||&#8220; custom_padding=&#8220;||&#8220; border_radii_image=&#8220;on|100%|100%|100%|100%&#8220; icon_font_size=&#8220;16px&#8220; use_circle=&#8220;on&#8220; circle_color=&#8220;#ffffff&#8220; locked=&#8220;off&#8220; global_colors_info=&#8220;{}&#8220; image_icon_background_color__sticky_enabled=&#8220;#ec5d57&#8243; image_icon_background_color__sticky=&#8220;#ec5d57&#8243;]<a href=\"mailto: hello@audienceinmind.com\">hello@audienceinmind.com<\/a>[\/et_pb_blurb][\/et_pb_column][et_pb_column type=&#8220;1_3&#8243; _builder_version=&#8220;4.16&#8243; custom_padding=&#8220;|||&#8220; global_colors_info=&#8220;{}&#8220; custom_padding__hover=&#8220;|||&#8220;][\/et_pb_column][\/et_pb_row][\/et_pb_section]<\/p>","protected":false},"excerpt":{"rendered":"<p>&#8222;F\u00fcr nachhaltige Produktstrategien und innovative Servicekonzepte ist es heutzutage essentiell, die potentiellen Zielgruppen und deren Nutzungskontext genausten zu kennen und dieses Wissen fr\u00fchzeitig in die Ideenentwicklung mit einzubeziehen. Ein Zielbild, das an den Nutzern und ihrem Umfeld ausgerichtet ist, garantiert den sp\u00e4teren Erfolg f\u00fcr das Produkt und seine Anwendung.&#8220;\u00dcber die nachhaltige Designarbeit im Produkt- &amp; [&hellip;]<\/p>","protected":false},"author":1,"featured_media":0,"parent":0,"menu_order":0,"comment_status":"closed","ping_status":"closed","template":"","meta":{"_et_pb_use_builder":"on","_et_pb_old_content":"","_et_gb_content_width":"","footnotes":""},"yoast_head":"<!-- This site is optimized with the Yoast SEO plugin v21.4 - https:\/\/yoast.com\/wordpress\/plugins\/seo\/ -->\n<title>Kontakt &#8211; Wiebke Kudernatsch<\/title>\n<meta name=\"robots\" content=\"index, follow, max-snippet:-1, max-image-preview:large, max-video-preview:-1\" \/>\n<link rel=\"canonical\" href=\"https:\/\/audienceinmind.com\/en\/kontakt\/\" \/>\n<meta property=\"og:locale\" content=\"en_GB\" \/>\n<meta property=\"og:type\" content=\"article\" \/>\n<meta property=\"og:title\" content=\"Kontakt &#8211; Wiebke Kudernatsch\" \/>\n<meta property=\"og:description\" content=\"&quot;F\u00fcr nachhaltige Produktstrategien und innovative Servicekonzepte ist es heutzutage essentiell, die potentiellen Zielgruppen und deren Nutzungskontext genausten zu kennen und dieses Wissen fr\u00fchzeitig in die Ideenentwicklung mit einzubeziehen. Ein Zielbild, das an den Nutzern und ihrem Umfeld ausgerichtet ist, garantiert den sp\u00e4teren Erfolg f\u00fcr das Produkt und seine Anwendung.&quot;\u00dcber die nachhaltige Designarbeit im Produkt- &amp; [&hellip;]\" \/>\n<meta property=\"og:url\" content=\"https:\/\/audienceinmind.com\/en\/kontakt\/\" \/>\n<meta property=\"og:site_name\" content=\"Wiebke Kudernatsch\" \/>\n<meta property=\"article:modified_time\" content=\"2024-09-01T15:39:25+00:00\" \/>\n<meta name=\"twitter:card\" content=\"summary_large_image\" \/>\n<meta name=\"twitter:label1\" content=\"Estimated reading time\" \/>\n\t<meta name=\"twitter:data1\" content=\"4 minutes\" \/>\n<script type=\"application\/ld+json\" class=\"yoast-schema-graph\">{\"@context\":\"https:\/\/schema.org\",\"@graph\":[{\"@type\":\"WebPage\",\"@id\":\"https:\/\/audienceinmind.com\/kontakt\/\",\"url\":\"https:\/\/audienceinmind.com\/kontakt\/\",\"name\":\"Kontakt &#8211; Wiebke Kudernatsch\",\"isPartOf\":{\"@id\":\"https:\/\/audienceinmind.com\/#website\"},\"datePublished\":\"2018-12-11T13:14:37+00:00\",\"dateModified\":\"2024-09-01T15:39:25+00:00\",\"breadcrumb\":{\"@id\":\"https:\/\/audienceinmind.com\/kontakt\/#breadcrumb\"},\"inLanguage\":\"en-GB\",\"potentialAction\":[{\"@type\":\"ReadAction\",\"target\":[\"https:\/\/audienceinmind.com\/kontakt\/\"]}]},{\"@type\":\"BreadcrumbList\",\"@id\":\"https:\/\/audienceinmind.com\/kontakt\/#breadcrumb\",\"itemListElement\":[{\"@type\":\"ListItem\",\"position\":1,\"name\":\"Startseite\",\"item\":\"https:\/\/audienceinmind.com\/\"},{\"@type\":\"ListItem\",\"position\":2,\"name\":\"Kontakt\"}]},{\"@type\":\"WebSite\",\"@id\":\"https:\/\/audienceinmind.com\/#website\",\"url\":\"https:\/\/audienceinmind.com\/\",\"name\":\"Wiebke Kudernatsch\",\"description\":\"UX Consulting &amp; Life-centred Design Thinking\",\"publisher\":{\"@id\":\"https:\/\/audienceinmind.com\/#\/schema\/person\/7a4ef53dbd09745362e5c2bc5b1047ab\"},\"potentialAction\":[{\"@type\":\"SearchAction\",\"target\":{\"@type\":\"EntryPoint\",\"urlTemplate\":\"https:\/\/audienceinmind.com\/?s={search_term_string}\"},\"query-input\":\"required name=search_term_string\"}],\"inLanguage\":\"en-GB\"},{\"@type\":[\"Person\",\"Organization\"],\"@id\":\"https:\/\/audienceinmind.com\/#\/schema\/person\/7a4ef53dbd09745362e5c2bc5b1047ab\",\"name\":\"Wiebke Kudernatsch\",\"image\":{\"@type\":\"ImageObject\",\"inLanguage\":\"en-GB\",\"@id\":\"https:\/\/audienceinmind.com\/#\/schema\/person\/image\/\",\"url\":\"https:\/\/audienceinmind.com\/wp-content\/uploads\/2019\/07\/IMG_7471_neu4.jpg\",\"contentUrl\":\"https:\/\/audienceinmind.com\/wp-content\/uploads\/2019\/07\/IMG_7471_neu4.jpg\",\"width\":1800,\"height\":1138,\"caption\":\"Wiebke Kudernatsch\"},\"logo\":{\"@id\":\"https:\/\/audienceinmind.com\/#\/schema\/person\/image\/\"},\"description\":\"Durchf\u00fchrung von Product Discoveries und Design Sprints. User Experience Design f\u00fcr eine nutzerzentrierte Produktentwicklung. Wiebke Kudernatsch ist Fachexpertin f\u00fcr User Experience Design und Produktmanagement.\",\"sameAs\":[\"http:\/\/Audience%20in%20Mind\",\"https:\/\/www.linkedin.com\/in\/wiebke-kudernatsch-7706492\/\"]}]}<\/script>\n<!-- \/ Yoast SEO plugin. -->","yoast_head_json":{"title":"Kontakt &#8211; Wiebke Kudernatsch","robots":{"index":"index","follow":"follow","max-snippet":"max-snippet:-1","max-image-preview":"max-image-preview:large","max-video-preview":"max-video-preview:-1"},"canonical":"https:\/\/audienceinmind.com\/en\/kontakt\/","og_locale":"en_GB","og_type":"article","og_title":"Kontakt &#8211; Wiebke Kudernatsch","og_description":"\"F\u00fcr nachhaltige Produktstrategien und innovative Servicekonzepte ist es heutzutage essentiell, die potentiellen Zielgruppen und deren Nutzungskontext genausten zu kennen und dieses Wissen fr\u00fchzeitig in die Ideenentwicklung mit einzubeziehen. Ein Zielbild, das an den Nutzern und ihrem Umfeld ausgerichtet ist, garantiert den sp\u00e4teren Erfolg f\u00fcr das Produkt und seine Anwendung.\"\u00dcber die nachhaltige Designarbeit im Produkt- &amp; [&hellip;]","og_url":"https:\/\/audienceinmind.com\/en\/kontakt\/","og_site_name":"Wiebke Kudernatsch","article_modified_time":"2024-09-01T15:39:25+00:00","twitter_card":"summary_large_image","twitter_misc":{"Estimated reading time":"4 minutes"},"schema":{"@context":"https:\/\/schema.org","@graph":[{"@type":"WebPage","@id":"https:\/\/audienceinmind.com\/kontakt\/","url":"https:\/\/audienceinmind.com\/kontakt\/","name":"Kontakt &#8211; Wiebke Kudernatsch","isPartOf":{"@id":"https:\/\/audienceinmind.com\/#website"},"datePublished":"2018-12-11T13:14:37+00:00","dateModified":"2024-09-01T15:39:25+00:00","breadcrumb":{"@id":"https:\/\/audienceinmind.com\/kontakt\/#breadcrumb"},"inLanguage":"en-GB","potentialAction":[{"@type":"ReadAction","target":["https:\/\/audienceinmind.com\/kontakt\/"]}]},{"@type":"BreadcrumbList","@id":"https:\/\/audienceinmind.com\/kontakt\/#breadcrumb","itemListElement":[{"@type":"ListItem","position":1,"name":"Startseite","item":"https:\/\/audienceinmind.com\/"},{"@type":"ListItem","position":2,"name":"Kontakt"}]},{"@type":"WebSite","@id":"https:\/\/audienceinmind.com\/#website","url":"https:\/\/audienceinmind.com\/","name":"Wiebke Kudernatsch","description":"UX Consulting &amp; Life-centred Design Thinking","publisher":{"@id":"https:\/\/audienceinmind.com\/#\/schema\/person\/7a4ef53dbd09745362e5c2bc5b1047ab"},"potentialAction":[{"@type":"SearchAction","target":{"@type":"EntryPoint","urlTemplate":"https:\/\/audienceinmind.com\/?s={search_term_string}"},"query-input":"required name=search_term_string"}],"inLanguage":"en-GB"},{"@type":["Person","Organization"],"@id":"https:\/\/audienceinmind.com\/#\/schema\/person\/7a4ef53dbd09745362e5c2bc5b1047ab","name":"Wiebke Kudernatsch","image":{"@type":"ImageObject","inLanguage":"en-GB","@id":"https:\/\/audienceinmind.com\/#\/schema\/person\/image\/","url":"https:\/\/audienceinmind.com\/wp-content\/uploads\/2019\/07\/IMG_7471_neu4.jpg","contentUrl":"https:\/\/audienceinmind.com\/wp-content\/uploads\/2019\/07\/IMG_7471_neu4.jpg","width":1800,"height":1138,"caption":"Wiebke Kudernatsch"},"logo":{"@id":"https:\/\/audienceinmind.com\/#\/schema\/person\/image\/"},"description":"Durchf\u00fchrung von Product Discoveries und Design Sprints. User Experience Design f\u00fcr eine nutzerzentrierte Produktentwicklung. Wiebke Kudernatsch ist Fachexpertin f\u00fcr User Experience Design und Produktmanagement.","sameAs":["http:\/\/Audience%20in%20Mind","https:\/\/www.linkedin.com\/in\/wiebke-kudernatsch-7706492\/"]}]}},"_links":{"self":[{"href":"https:\/\/audienceinmind.com\/en\/wp-json\/wp\/v2\/pages\/289"}],"collection":[{"href":"https:\/\/audienceinmind.com\/en\/wp-json\/wp\/v2\/pages"}],"about":[{"href":"https:\/\/audienceinmind.com\/en\/wp-json\/wp\/v2\/types\/page"}],"author":[{"embeddable":true,"href":"https:\/\/audienceinmind.com\/en\/wp-json\/wp\/v2\/users\/1"}],"replies":[{"embeddable":true,"href":"https:\/\/audienceinmind.com\/en\/wp-json\/wp\/v2\/comments?post=289"}],"version-history":[{"count":17,"href":"https:\/\/audienceinmind.com\/en\/wp-json\/wp\/v2\/pages\/289\/revisions"}],"predecessor-version":[{"id":1512,"href":"https:\/\/audienceinmind.com\/en\/wp-json\/wp\/v2\/pages\/289\/revisions\/1512"}],"wp:attachment":[{"href":"https:\/\/audienceinmind.com\/en\/wp-json\/wp\/v2\/media?parent=289"}],"curies":[{"name":"wp","href":"https:\/\/api.w.org\/{rel}","templated":true}]}}