{"id":167,"date":"2018-12-09T20:43:59","date_gmt":"2018-12-09T19:43:59","guid":{"rendered":"https:\/\/audienceinmind.com\/?page_id=167"},"modified":"2024-09-01T17:27:26","modified_gmt":"2024-09-01T15:27:26","slug":"impressum","status":"publish","type":"page","link":"https:\/\/audienceinmind.com\/en\/impressum\/","title":{"rendered":"Imprint"},"content":{"rendered":"<p>[et_pb_section fb_built=&#8220;1&#8243; _builder_version=&#8220;4.16&#8243; global_colors_info=&#8220;{}&#8220;][et_pb_row _builder_version=&#8220;4.16&#8243; hover_enabled=&#8220;0&#8243; global_colors_info=&#8220;{}&#8220; sticky_enabled=&#8220;0&#8243;][et_pb_column type=&#8220;4_4&#8243; _builder_version=&#8220;4.16&#8243; custom_padding=&#8220;|||&#8220; global_colors_info=&#8220;{}&#8220; custom_padding__hover=&#8220;|||&#8220;][et_pb_text _builder_version=&#8220;4.16&#8243; global_colors_info=&#8220;{}&#8220;]<\/p>\n<h1 class=\"p1\"><span class=\"s1\"><b>Imprint<\/b><\/span><\/h1>\n<p class=\"p2\"><span class=\"s1\"><b><\/b><\/span><\/p>\n<p class=\"p3\"><span class=\"s1\"><b>Gem\u00e4\u00df \u00a75ECG informiere ich wie folgt:<\/b><\/span><\/p>\n<p class=\"p4\"><span class=\"s1\"><\/span><\/p>\n<p class=\"p5\"><span class=\"s1\"><b>Betreiber der Website:<\/b><\/span><\/p>\n<p class=\"p5\"><span class=\"s1\">Der Website \u201eAudience In Mind\u201c wird betrieben von Wiebke Kudernatsch.<\/span><\/p>\n<p class=\"p5\"><span class=\"s1\">\u00a0<\/span><\/p>\n<p class=\"p5\"><span class=\"s1\"><b>Anschrift der Website:<\/b><\/span><\/p>\n<p class=\"p5\"><span class=\"s1\">Wiebke Kudernatsch, Marthastr. 43, 20259 Hamburg<\/span><\/p>\n<p class=\"p5\"><span class=\"s1\">\u00a0<\/span><\/p>\n<p class=\"p5\"><span class=\"s1\"><b>Kontaktdetails:<\/b><\/span><\/p>\n<p class=\"p6\"><span class=\"s2\"><a href=\"mailto: hello@audienceinmind.com\">wiebke@audienceinmind.com<\/a><\/span><\/p>\n<p class=\"p5\">\n<p class=\"p5\"><span class=\"s1\"><b>Medieninhaber<\/b>:<\/span><\/p>\n<p class=\"p5\"><span class=\"s1\">Gem\u00e4\u00df Mediengesetz iSd \u00a7I Abs I Z8 ist die Medieninhaberin\/Betreiberin der Website Wiebke Kudernatsch.<\/span><\/p>\n<p class=\"p5\"><span class=\"s1\"><\/span><\/p>\n<p class=\"p5\"><span class=\"s1\"><b>Unternehmensgegenstand<\/b>:<\/span><\/p>\n<p class=\"p5\"><span class=\"s1\">Betreiber der Website f\u00fcr die Selbst\u00e4ndigkeit von Wiebke Kudernatsch. Die Informationen werden von Wiebke Kudernatsch eigenverantwortlich erarbeitet und in das System eingebracht. Die inhaltliche Verantwortung liegt bei Wiebke Kudernatsch.<\/span><\/p>\n<p class=\"p5\"><span class=\"s1\">\u00a0<\/span><\/p>\n<p class=\"p7\"><span class=\"s1\"><b>Nutzungsbedingungen<\/b><\/span><\/p>\n<p class=\"p7\"><span class=\"s1\">Die Inhalte der Website dienen ausschlie\u00dflich der Information und sind urherberrechltich gesch\u00fctzt von Wiebke Kudernatsch.\u00a0<\/span><span class=\"s1\">Nach R\u00fccksprache mit der Eigent\u00fcmerin der Website und deren individuellen Freigabe sind die Inhalte auch f\u00fcr andere nutzbar. <\/span><\/p>\n<p class=\"p5\"><span class=\"s1\">\u00a0<\/span><\/p>\n<p class=\"p5\"><span class=\"s1\"><b>Copyright \/ Haftungsausschluss<\/b><\/span><\/p>\n<p class=\"p5\"><span class=\"s1\">Im Hinblick auf die technischen Eigenschaften des Internet kann keine Gew\u00e4hr f\u00fcr die Authentizit\u00e4t, Richtigkeit und Vollst\u00e4ndigkeit der im Internet zur Verf\u00fcgung gestellten Informationen \u00fcbernommen werden. Es wird auch keine Gew\u00e4hr f\u00fcr die Verf\u00fcgbarkeit oder den Betrieb der gegenst\u00e4ndlichen Homepage und ihrer Inhalte \u00fcbernommen.<\/span><\/p>\n<p class=\"p5\"><span class=\"s1\">Jede Haftung f\u00fcr unmittelbare, mittelbare oder sonstige Sch\u00e4den, unabh\u00e4ngig von deren Ursachen, die aus der Benutzung oder Nichtverf\u00fcgbarkeit der Daten und Informationen dieser Homepage erwachsen, wird, soweit rechtlich zul\u00e4ssig, ausgeschlossen.<\/span><\/p>\n<p class=\"p5\"><span class=\"s1\">Der Inhalt und die Fotos dieser Homepage sind urheberrechtlich gesch\u00fctzt. Die Informationen sind nur f\u00fcr die pers\u00f6nliche Verwendung bestimmt. Jede weitergehende Nutzung insbesondere die Speicherung in Datenbanken, Vervielf\u00e4ltigung und jede Form von gewerblicher Nutzung sowie die Weitergabe an Dritte \u2013 auch in Teilen oder in \u00fcberarbeiteter Form \u2013 ohne Zustimmung des Website-Inhabers ist untersagt.<\/span><\/p>\n<p class=\"p5\"><span class=\"s1\">Hyperlinks auf diese Website sind willkommen. Jede Einbindung einzelner Seiten unseres Angebotes in fremde Frames ist zu unterlassen, ebenso das zur Verf\u00fcgung stellen unseres RSS-Feeds auf fremden Seiten.<\/span><\/p>\n<p class=\"p5\"><span class=\"s1\">\u00a0<\/span><\/p>\n<p class=\"p5\"><span class=\"s1\"><\/span><\/p>\n<p class=\"p2\"><span class=\"s1\"><b><\/b><\/span><\/p>\n<p class=\"p5\"><span class=\"s1\">\u00a0<\/span><\/p>\n<p>[\/et_pb_text][\/et_pb_column][\/et_pb_row][\/et_pb_section]<\/p>","protected":false},"excerpt":{"rendered":"<p>Impressum Gem\u00e4\u00df \u00a75ECG informiere ich wie folgt: Betreiber der Website: Der Website \u201eAudience In Mind\u201c wird betrieben von Wiebke Kudernatsch. \u00a0 Anschrift der Website: Wiebke Kudernatsch, Marthastr. 43, 20259 Hamburg \u00a0 Kontaktdetails: wiebke@audienceinmind.com Medieninhaber: Gem\u00e4\u00df Mediengesetz iSd \u00a7I Abs I Z8 ist die Medieninhaberin\/Betreiberin der Website Wiebke Kudernatsch. Unternehmensgegenstand: Betreiber der Website f\u00fcr die Selbst\u00e4ndigkeit [&hellip;]<\/p>","protected":false},"author":1,"featured_media":0,"parent":0,"menu_order":0,"comment_status":"closed","ping_status":"closed","template":"","meta":{"_et_pb_use_builder":"on","_et_pb_old_content":"","_et_gb_content_width":"","footnotes":""},"yoast_head":"<!-- This site is optimized with the Yoast SEO plugin v21.4 - https:\/\/yoast.com\/wordpress\/plugins\/seo\/ -->\n<title>Impressum &#8211; Wiebke Kudernatsch<\/title>\n<meta name=\"robots\" content=\"index, follow, max-snippet:-1, max-image-preview:large, max-video-preview:-1\" \/>\n<link rel=\"canonical\" href=\"https:\/\/audienceinmind.com\/en\/impressum\/\" \/>\n<meta property=\"og:locale\" content=\"en_GB\" \/>\n<meta property=\"og:type\" content=\"article\" \/>\n<meta property=\"og:title\" content=\"Impressum &#8211; Wiebke Kudernatsch\" \/>\n<meta property=\"og:description\" content=\"Impressum Gem\u00e4\u00df \u00a75ECG informiere ich wie folgt: Betreiber der Website: Der Website \u201eAudience In Mind\u201c wird betrieben von Wiebke Kudernatsch. \u00a0 Anschrift der Website: Wiebke Kudernatsch, Marthastr. 43, 20259 Hamburg \u00a0 Kontaktdetails: wiebke@audienceinmind.com Medieninhaber: Gem\u00e4\u00df Mediengesetz iSd \u00a7I Abs I Z8 ist die Medieninhaberin\/Betreiberin der Website Wiebke Kudernatsch. Unternehmensgegenstand: Betreiber der Website f\u00fcr die Selbst\u00e4ndigkeit [&hellip;]\" \/>\n<meta property=\"og:url\" content=\"https:\/\/audienceinmind.com\/en\/impressum\/\" \/>\n<meta property=\"og:site_name\" content=\"Wiebke Kudernatsch\" \/>\n<meta property=\"article:modified_time\" content=\"2024-09-01T15:27:26+00:00\" \/>\n<meta name=\"twitter:card\" content=\"summary_large_image\" \/>\n<meta name=\"twitter:label1\" content=\"Estimated reading time\" \/>\n\t<meta name=\"twitter:data1\" content=\"2 minutes\" \/>\n<script type=\"application\/ld+json\" class=\"yoast-schema-graph\">{\"@context\":\"https:\/\/schema.org\",\"@graph\":[{\"@type\":\"WebPage\",\"@id\":\"https:\/\/audienceinmind.com\/impressum\/\",\"url\":\"https:\/\/audienceinmind.com\/impressum\/\",\"name\":\"Impressum &#8211; Wiebke Kudernatsch\",\"isPartOf\":{\"@id\":\"https:\/\/audienceinmind.com\/#website\"},\"datePublished\":\"2018-12-09T19:43:59+00:00\",\"dateModified\":\"2024-09-01T15:27:26+00:00\",\"breadcrumb\":{\"@id\":\"https:\/\/audienceinmind.com\/impressum\/#breadcrumb\"},\"inLanguage\":\"en-GB\",\"potentialAction\":[{\"@type\":\"ReadAction\",\"target\":[\"https:\/\/audienceinmind.com\/impressum\/\"]}]},{\"@type\":\"BreadcrumbList\",\"@id\":\"https:\/\/audienceinmind.com\/impressum\/#breadcrumb\",\"itemListElement\":[{\"@type\":\"ListItem\",\"position\":1,\"name\":\"Startseite\",\"item\":\"https:\/\/audienceinmind.com\/\"},{\"@type\":\"ListItem\",\"position\":2,\"name\":\"Impressum\"}]},{\"@type\":\"WebSite\",\"@id\":\"https:\/\/audienceinmind.com\/#website\",\"url\":\"https:\/\/audienceinmind.com\/\",\"name\":\"Wiebke Kudernatsch\",\"description\":\"UX Consulting &amp; Life-centred Design Thinking\",\"publisher\":{\"@id\":\"https:\/\/audienceinmind.com\/#\/schema\/person\/7a4ef53dbd09745362e5c2bc5b1047ab\"},\"potentialAction\":[{\"@type\":\"SearchAction\",\"target\":{\"@type\":\"EntryPoint\",\"urlTemplate\":\"https:\/\/audienceinmind.com\/?s={search_term_string}\"},\"query-input\":\"required name=search_term_string\"}],\"inLanguage\":\"en-GB\"},{\"@type\":[\"Person\",\"Organization\"],\"@id\":\"https:\/\/audienceinmind.com\/#\/schema\/person\/7a4ef53dbd09745362e5c2bc5b1047ab\",\"name\":\"Wiebke Kudernatsch\",\"image\":{\"@type\":\"ImageObject\",\"inLanguage\":\"en-GB\",\"@id\":\"https:\/\/audienceinmind.com\/#\/schema\/person\/image\/\",\"url\":\"https:\/\/audienceinmind.com\/wp-content\/uploads\/2019\/07\/IMG_7471_neu4.jpg\",\"contentUrl\":\"https:\/\/audienceinmind.com\/wp-content\/uploads\/2019\/07\/IMG_7471_neu4.jpg\",\"width\":1800,\"height\":1138,\"caption\":\"Wiebke Kudernatsch\"},\"logo\":{\"@id\":\"https:\/\/audienceinmind.com\/#\/schema\/person\/image\/\"},\"description\":\"Durchf\u00fchrung von Product Discoveries und Design Sprints. User Experience Design f\u00fcr eine nutzerzentrierte Produktentwicklung. Wiebke Kudernatsch ist Fachexpertin f\u00fcr User Experience Design und Produktmanagement.\",\"sameAs\":[\"http:\/\/Audience%20in%20Mind\",\"https:\/\/www.linkedin.com\/in\/wiebke-kudernatsch-7706492\/\"]}]}<\/script>\n<!-- \/ Yoast SEO plugin. -->","yoast_head_json":{"title":"Impressum &#8211; Wiebke Kudernatsch","robots":{"index":"index","follow":"follow","max-snippet":"max-snippet:-1","max-image-preview":"max-image-preview:large","max-video-preview":"max-video-preview:-1"},"canonical":"https:\/\/audienceinmind.com\/en\/impressum\/","og_locale":"en_GB","og_type":"article","og_title":"Impressum &#8211; Wiebke Kudernatsch","og_description":"Impressum Gem\u00e4\u00df \u00a75ECG informiere ich wie folgt: Betreiber der Website: Der Website \u201eAudience In Mind\u201c wird betrieben von Wiebke Kudernatsch. \u00a0 Anschrift der Website: Wiebke Kudernatsch, Marthastr. 43, 20259 Hamburg \u00a0 Kontaktdetails: wiebke@audienceinmind.com Medieninhaber: Gem\u00e4\u00df Mediengesetz iSd \u00a7I Abs I Z8 ist die Medieninhaberin\/Betreiberin der Website Wiebke Kudernatsch. Unternehmensgegenstand: Betreiber der Website f\u00fcr die Selbst\u00e4ndigkeit [&hellip;]","og_url":"https:\/\/audienceinmind.com\/en\/impressum\/","og_site_name":"Wiebke Kudernatsch","article_modified_time":"2024-09-01T15:27:26+00:00","twitter_card":"summary_large_image","twitter_misc":{"Estimated reading time":"2 minutes"},"schema":{"@context":"https:\/\/schema.org","@graph":[{"@type":"WebPage","@id":"https:\/\/audienceinmind.com\/impressum\/","url":"https:\/\/audienceinmind.com\/impressum\/","name":"Impressum &#8211; Wiebke Kudernatsch","isPartOf":{"@id":"https:\/\/audienceinmind.com\/#website"},"datePublished":"2018-12-09T19:43:59+00:00","dateModified":"2024-09-01T15:27:26+00:00","breadcrumb":{"@id":"https:\/\/audienceinmind.com\/impressum\/#breadcrumb"},"inLanguage":"en-GB","potentialAction":[{"@type":"ReadAction","target":["https:\/\/audienceinmind.com\/impressum\/"]}]},{"@type":"BreadcrumbList","@id":"https:\/\/audienceinmind.com\/impressum\/#breadcrumb","itemListElement":[{"@type":"ListItem","position":1,"name":"Startseite","item":"https:\/\/audienceinmind.com\/"},{"@type":"ListItem","position":2,"name":"Impressum"}]},{"@type":"WebSite","@id":"https:\/\/audienceinmind.com\/#website","url":"https:\/\/audienceinmind.com\/","name":"Wiebke Kudernatsch","description":"UX Consulting &amp; Life-centred Design Thinking","publisher":{"@id":"https:\/\/audienceinmind.com\/#\/schema\/person\/7a4ef53dbd09745362e5c2bc5b1047ab"},"potentialAction":[{"@type":"SearchAction","target":{"@type":"EntryPoint","urlTemplate":"https:\/\/audienceinmind.com\/?s={search_term_string}"},"query-input":"required name=search_term_string"}],"inLanguage":"en-GB"},{"@type":["Person","Organization"],"@id":"https:\/\/audienceinmind.com\/#\/schema\/person\/7a4ef53dbd09745362e5c2bc5b1047ab","name":"Wiebke Kudernatsch","image":{"@type":"ImageObject","inLanguage":"en-GB","@id":"https:\/\/audienceinmind.com\/#\/schema\/person\/image\/","url":"https:\/\/audienceinmind.com\/wp-content\/uploads\/2019\/07\/IMG_7471_neu4.jpg","contentUrl":"https:\/\/audienceinmind.com\/wp-content\/uploads\/2019\/07\/IMG_7471_neu4.jpg","width":1800,"height":1138,"caption":"Wiebke Kudernatsch"},"logo":{"@id":"https:\/\/audienceinmind.com\/#\/schema\/person\/image\/"},"description":"Durchf\u00fchrung von Product Discoveries und Design Sprints. User Experience Design f\u00fcr eine nutzerzentrierte Produktentwicklung. Wiebke Kudernatsch ist Fachexpertin f\u00fcr User Experience Design und Produktmanagement.","sameAs":["http:\/\/Audience%20in%20Mind","https:\/\/www.linkedin.com\/in\/wiebke-kudernatsch-7706492\/"]}]}},"_links":{"self":[{"href":"https:\/\/audienceinmind.com\/en\/wp-json\/wp\/v2\/pages\/167"}],"collection":[{"href":"https:\/\/audienceinmind.com\/en\/wp-json\/wp\/v2\/pages"}],"about":[{"href":"https:\/\/audienceinmind.com\/en\/wp-json\/wp\/v2\/types\/page"}],"author":[{"embeddable":true,"href":"https:\/\/audienceinmind.com\/en\/wp-json\/wp\/v2\/users\/1"}],"replies":[{"embeddable":true,"href":"https:\/\/audienceinmind.com\/en\/wp-json\/wp\/v2\/comments?post=167"}],"version-history":[{"count":7,"href":"https:\/\/audienceinmind.com\/en\/wp-json\/wp\/v2\/pages\/167\/revisions"}],"predecessor-version":[{"id":1506,"href":"https:\/\/audienceinmind.com\/en\/wp-json\/wp\/v2\/pages\/167\/revisions\/1506"}],"wp:attachment":[{"href":"https:\/\/audienceinmind.com\/en\/wp-json\/wp\/v2\/media?parent=167"}],"curies":[{"name":"wp","href":"https:\/\/api.w.org\/{rel}","templated":true}]}}