{"id":138,"date":"2018-12-09T20:15:07","date_gmt":"2018-12-09T19:15:07","guid":{"rendered":"https:\/\/audienceinmind.com\/?page_id=138"},"modified":"2024-09-01T17:28:29","modified_gmt":"2024-09-01T15:28:29","slug":"datenschutz","status":"publish","type":"page","link":"https:\/\/audienceinmind.com\/en\/datenschutz\/","title":{"rendered":"Privacy policy"},"content":{"rendered":"<p>[et_pb_section fb_built=&#8220;1&#8243; _builder_version=&#8220;4.16&#8243; global_colors_info=&#8220;{}&#8220;][et_pb_row _builder_version=&#8220;4.16&#8243; global_colors_info=&#8220;{}&#8220;][et_pb_column type=&#8220;4_4&#8243; _builder_version=&#8220;4.16&#8243; custom_padding=&#8220;|||&#8220; global_colors_info=&#8220;{}&#8220; custom_padding__hover=&#8220;|||&#8220;][et_pb_text _builder_version=&#8220;4.16&#8243; global_colors_info=&#8220;{}&#8220;]<\/p>\n<h1><span><strong>Privacy policy\u00a0<\/strong><\/span><\/h1>\n<p>&nbsp;<\/p>\n<p>Verantwortliche Stelle im Sinne der EU Datenschutzverordnung f\u00fcr audienceinmind.com ist:<\/p>\n<ul>\n<li>Frau Wiebke Kudernatsch<\/li>\n<\/ul>\n<div class=\"wp-block-columns has-2-columns\">\n<div class=\"wp-block-column\">\n<p><strong>Kontakt Wiebke Kudernatsch<\/strong><br \/>Wiebke Kudernatsch<br \/>Marthastr. 43<br \/>20259 Hamburg<br \/>mail: wiebke@audienceinmind.com<\/p>\n<\/div>\n<\/div>\n<p>&nbsp;<\/p>\n<h3><span>Geltungsbereich<\/span><\/h3>\n<p><span>Diese Datenschutzerkl\u00e4rung soll die Nutzer dieser Website gem\u00e4\u00df europ\u00e4ischer Datenschutzgrundverordnung (DSGVO) \u00fcber die Art, den Umfang und den Zweck der Erhebung und Verwendung personenbezogener Daten informieren.<\/span><br \/><span>Der Websitebetreiber nimmt Ihren Datenschutz sehr ernst und behandelt Ihre personenbezogenen Daten vertraulich und entsprechend der gesetzlichen Vorschriften.<\/span><br \/><span>Bedenke bitte, dass die Daten\u00fcbertragung im Internet grunds\u00e4tzlich mit Sicherheitsl\u00fccken bedacht sein kann. Ein vollumf\u00e4nglicher Schutz vor dem Zugriff durch Fremde ist nicht realisierbar.<\/span><\/p>\n<p>&nbsp;<\/p>\n<h3><span>Zugriffsdaten<\/span><\/h3>\n<p><span>Der Websitebetreiber bzw. Seitenprovider erhebt Daten \u00fcber Zugriffe auf die Seite und speichert diese als \u201eServer-Logfiles\u201c ab. Folgende Daten werden so protokolliert:<\/span><br \/><span>\u2022 Besuchte Website<\/span><br \/><span>\u2022 Uhrzeit zum Zeitpunkt des Zugriffes<\/span><br \/><span>\u2022 Menge der gesendeten Daten in Byte<\/span><br \/><span>\u2022 Quelle\/Verweis, von welchem Sie auf die Seite gelangten<\/span><br \/><span>\u2022 Verwendeter Browser<\/span><br \/><span>\u2022 Verwendetes Betriebssystem<\/span><br \/><span>\u2022 Verwendete IP-Adresse<\/span><br \/><span>Die erhobenen Daten dienen lediglich statistischen Auswertungen und zur Verbesserung der Website. Der Websitebetreiber beh\u00e4lt sich allerdings vor, die Server-Logfiles nachtr\u00e4glich zu \u00fcberpr\u00fcfen, sollten konkrete Anhaltspunkte auf eine rechtswidrige Nutzung hinweisen.<\/span><\/p>\n<p>&nbsp;<\/p>\n<h3><span>Cookies<\/span><\/h3>\n<p><span>Diese Website verwendet Cookies. Dabei handelt es sich um kleine Textdateien, welche auf Ihrem Endger\u00e4t gespeichert werden. Diese richten keinerlei Schaden an. Ihr Browser greift auf diese Dateien zu. Durch den Einsatz von Cookies erh\u00f6ht sich die Benutzerfreundlichkeit und Sicherheit dieser Website.<\/span><br \/><span>G\u00e4ngige Browser bieten die Einstellungsoption, Cookies nicht zuzulassen. Hinweis: Es ist nicht gew\u00e4hrleistet, dass du auf alle Funktionen dieser Website ohne Einschr\u00e4nkungen zugreifen kannst, wenn du entsprechende Einstellungen vornimmst.<\/span><\/p>\n<p>&nbsp;<\/p>\n<h3><span>Umgang mit personenbezogenen Daten<\/span><\/h3>\n<p><span>Der Websitebetreiber erhebt, nutzt und gibt Ihre personenbezogenen Daten nur dann weiter, wenn dies im gesetzlichen Rahmen erlaubt ist oder Sie in die Datenerhebung einwilligen.<\/span><br \/><span>Als personenbezogene Daten gelten s\u00e4mtliche Informationen, welche dazu dienen, dich als Person zu bestimmen und welche zu dir zur\u00fcckverfolgt werden kann \u2013 also beispielsweise dein Name, deine E-Mail-Adresse und Telefonnummer.<\/span><\/p>\n<p>&nbsp;<\/p>\n<h3><span>Umgang mit Kontaktdaten<\/span><\/h3>\n<p><span>Nimmst du mit dem Websitebetreiber durch die angebotenen Kontaktm\u00f6glichkeiten Verbindung auf, werden deine Angaben f\u00fcr einen Zeitraum von sechs Monaten gespeichert, damit auf diese zur Bearbeitung und Beantwortung deiner Anfrage und f\u00fcr den Fall von Anschlussfragen zur\u00fcckgegriffen werden kann. Ohne deine Einwilligung werden die Daten nicht an Dritte weitergegeben.<\/span><\/p>\n<p>&nbsp;<\/p>\n<p><span><\/span><\/p>\n<p><span style=\"font-size: 22px; color: #333333;\">Google Analytics<\/span><\/p>\n<p>Diese Website nutzt den Dienst \u201eGoogle Analytics\u201c, welcher von der Google Inc. (1600 Amphitheatre Parkway Mountain View, CA 94043, USA) angeboten wird, zur Analyse der Websitebenutzung durch Nutzer. Der Dienst verwendet \u201eCookies\u201c \u2013 Textdateien, welche auf Ihrem Endger\u00e4t gespeichert werden. Die durch die Cookies gesammelten Informationen werden im Regelfall an einen Google-Server in den USA gesandt und dort gespeichert.<\/p>\n<p>Auf dieser Website greift die IP-Anonymisierung. Die IP-Adresse der Nutzer wird innerhalb der Mitgliedsstaaten der EU und des Europ\u00e4ischen Wirtschaftsraum gek\u00fcrzt. Durch diese K\u00fcrzung entf\u00e4llt der Personenbezug Ihrer IP-Adresse. Im Rahmen der Vereinbarung zur Auftragsdatenvereinbarung, welche die Websitebetreiber mit der Google Inc. geschlossen haben, erstellt diese mithilfe der gesammelten Informationen eine Auswertung der Websitenutzung und der Websiteaktivit\u00e4t und erbringt mit der Internetnutzung verbundene Dienstleistungen.<br \/>Du hast die M\u00f6glichkeit, die Speicherung des Cookies auf deinem Ger\u00e4t zu verhindern, indem du in deinem Browser entsprechende Einstellungen vornimmst. Es ist nicht gew\u00e4hrleistet, dass du auf alle Funktionen dieser Website ohne Einschr\u00e4nkungen zugreifen kannst, wenn dein Browser keine Cookies zul\u00e4sst.<\/p>\n<p>Weiterhin kannst du durch ein Browser-Plugin verhindern, dass die durch Cookies gesammelten Informationen (inklusive Ihrer IP-Adresse) an die Google Inc. gesendet und von der Google Inc. genutzt werden. Folgender Link f\u00fchrt Sie zu dem entsprechenden Plugin:<span>\u00a0<\/span><a href=\"https:\/\/tools.google.com\/dlpage\/gaoptout?hl=de\">https:\/\/tools.google.com\/dlpage\/gaoptout?hl=de<\/a><\/p>\n<p>Hier findest du weitere Informationen zur Datennutzung durch die Google Inc.:<span>\u00a0<\/span><a href=\"https:\/\/support.google.com\/analytics\/answer\/6004245?hl=de\">https:\/\/support.google.com\/analytics\/answer\/6004245?hl=de<\/a><\/p>\n<p><span><\/span><\/p>\n<h3><\/h3>\n<p>&nbsp;<\/p>\n<h3><span>Rechte des Nutzers: Auskunft, Berichtigung und L\u00f6schung<\/span><\/h3>\n<p><span>Als Nutzer erh\u00e4ltst du auf Antrag Ihrerseits kostenlose Auskunft dar\u00fcber, welche personenbezogenen Daten \u00fcber dich gespeichert wurden. Sofern dein Wunsch nicht mit einer gesetzlichen Pflicht zur Aufbewahrung von Daten (z. B. Vorratsdatenspeicherung) kollidiert, hast du ein Anrecht auf Berichtigung falscher Daten und auf die Sperrung oder L\u00f6schung Ihrer personenbezogenen Daten.<\/span><\/p>\n<p><span style=\"font-size: 14px;\">\u00a0<\/span><\/p>\n<h3>Wen kann ich fragen, wenn ich zus\u00e4tzliche Fragen habe oder die L\u00f6schung, Sperrung oder Berichtigung meiner Daten w\u00fcnsche?<\/h3>\n<p>Du kannst uns jederzeit zus\u00e4tzliche Fragen stellen.<\/p>\n<p>Nach dem Bundesdatenschutzgesetz hast Du ein Recht auf unentgeltliche Auskunft \u00fcber Deine gespeicherten Daten sowie ggf. ein Recht auf Berichtigung, Sperrung oder L\u00f6schung dieser Daten. Sofern weitere Informationen gew\u00fcnscht werden oder die L\u00f6schung, Sperrung oder Berichtigung Deiner Daten w\u00fcnschst, steht Dir ein Support unter der E-Mail-Adresse<a href=\"mailto: hello@audienceinmind.com\">\u00a0<\/a>hello@audienceinmind.com zur Verf\u00fcgung.<\/p>\n<p>[\/et_pb_text][\/et_pb_column][\/et_pb_row][\/et_pb_section]<\/p>","protected":false},"excerpt":{"rendered":"<p>Datenschutzerkl\u00e4rung\u00a0 &nbsp; Verantwortliche Stelle im Sinne der EU Datenschutzverordnung f\u00fcr audienceinmind.com ist: Frau Wiebke Kudernatsch Kontakt Wiebke KudernatschWiebke KudernatschMarthastr. 4320259 Hamburgmail: wiebke@audienceinmind.com &nbsp; Geltungsbereich Diese Datenschutzerkl\u00e4rung soll die Nutzer dieser Website gem\u00e4\u00df europ\u00e4ischer Datenschutzgrundverordnung (DSGVO) \u00fcber die Art, den Umfang und den Zweck der Erhebung und Verwendung personenbezogener Daten informieren.Der Websitebetreiber nimmt Ihren Datenschutz sehr [&hellip;]<\/p>","protected":false},"author":1,"featured_media":0,"parent":0,"menu_order":0,"comment_status":"closed","ping_status":"closed","template":"","meta":{"_et_pb_use_builder":"on","_et_pb_old_content":"","_et_gb_content_width":"","footnotes":""},"yoast_head":"<!-- This site is optimized with the Yoast SEO plugin v21.4 - https:\/\/yoast.com\/wordpress\/plugins\/seo\/ -->\n<title>Datenschutzerkl\u00e4rung &#8211; Wiebke Kudernatsch<\/title>\n<meta name=\"robots\" content=\"index, follow, max-snippet:-1, max-image-preview:large, max-video-preview:-1\" \/>\n<link rel=\"canonical\" href=\"https:\/\/audienceinmind.com\/en\/datenschutz\/\" \/>\n<meta property=\"og:locale\" content=\"en_GB\" \/>\n<meta property=\"og:type\" content=\"article\" \/>\n<meta property=\"og:title\" content=\"Datenschutzerkl\u00e4rung &#8211; Wiebke Kudernatsch\" \/>\n<meta property=\"og:description\" content=\"Datenschutzerkl\u00e4rung\u00a0 &nbsp; Verantwortliche Stelle im Sinne der EU Datenschutzverordnung f\u00fcr audienceinmind.com ist: Frau Wiebke Kudernatsch Kontakt Wiebke KudernatschWiebke KudernatschMarthastr. 4320259 Hamburgmail: wiebke@audienceinmind.com &nbsp; Geltungsbereich Diese Datenschutzerkl\u00e4rung soll die Nutzer dieser Website gem\u00e4\u00df europ\u00e4ischer Datenschutzgrundverordnung (DSGVO) \u00fcber die Art, den Umfang und den Zweck der Erhebung und Verwendung personenbezogener Daten informieren.Der Websitebetreiber nimmt Ihren Datenschutz sehr [&hellip;]\" \/>\n<meta property=\"og:url\" content=\"https:\/\/audienceinmind.com\/en\/datenschutz\/\" \/>\n<meta property=\"og:site_name\" content=\"Wiebke Kudernatsch\" \/>\n<meta property=\"article:modified_time\" content=\"2024-09-01T15:28:29+00:00\" \/>\n<meta name=\"twitter:card\" content=\"summary_large_image\" \/>\n<meta name=\"twitter:label1\" content=\"Estimated reading time\" \/>\n\t<meta name=\"twitter:data1\" content=\"4 minutes\" \/>\n<script type=\"application\/ld+json\" class=\"yoast-schema-graph\">{\"@context\":\"https:\/\/schema.org\",\"@graph\":[{\"@type\":\"WebPage\",\"@id\":\"https:\/\/audienceinmind.com\/datenschutz\/\",\"url\":\"https:\/\/audienceinmind.com\/datenschutz\/\",\"name\":\"Datenschutzerkl\u00e4rung &#8211; Wiebke Kudernatsch\",\"isPartOf\":{\"@id\":\"https:\/\/audienceinmind.com\/#website\"},\"datePublished\":\"2018-12-09T19:15:07+00:00\",\"dateModified\":\"2024-09-01T15:28:29+00:00\",\"breadcrumb\":{\"@id\":\"https:\/\/audienceinmind.com\/datenschutz\/#breadcrumb\"},\"inLanguage\":\"en-GB\",\"potentialAction\":[{\"@type\":\"ReadAction\",\"target\":[\"https:\/\/audienceinmind.com\/datenschutz\/\"]}]},{\"@type\":\"BreadcrumbList\",\"@id\":\"https:\/\/audienceinmind.com\/datenschutz\/#breadcrumb\",\"itemListElement\":[{\"@type\":\"ListItem\",\"position\":1,\"name\":\"Startseite\",\"item\":\"https:\/\/audienceinmind.com\/\"},{\"@type\":\"ListItem\",\"position\":2,\"name\":\"Datenschutzerkl\u00e4rung\"}]},{\"@type\":\"WebSite\",\"@id\":\"https:\/\/audienceinmind.com\/#website\",\"url\":\"https:\/\/audienceinmind.com\/\",\"name\":\"Wiebke Kudernatsch\",\"description\":\"UX Consulting &amp; Life-centred Design Thinking\",\"publisher\":{\"@id\":\"https:\/\/audienceinmind.com\/#\/schema\/person\/7a4ef53dbd09745362e5c2bc5b1047ab\"},\"potentialAction\":[{\"@type\":\"SearchAction\",\"target\":{\"@type\":\"EntryPoint\",\"urlTemplate\":\"https:\/\/audienceinmind.com\/?s={search_term_string}\"},\"query-input\":\"required name=search_term_string\"}],\"inLanguage\":\"en-GB\"},{\"@type\":[\"Person\",\"Organization\"],\"@id\":\"https:\/\/audienceinmind.com\/#\/schema\/person\/7a4ef53dbd09745362e5c2bc5b1047ab\",\"name\":\"Wiebke Kudernatsch\",\"image\":{\"@type\":\"ImageObject\",\"inLanguage\":\"en-GB\",\"@id\":\"https:\/\/audienceinmind.com\/#\/schema\/person\/image\/\",\"url\":\"https:\/\/audienceinmind.com\/wp-content\/uploads\/2019\/07\/IMG_7471_neu4.jpg\",\"contentUrl\":\"https:\/\/audienceinmind.com\/wp-content\/uploads\/2019\/07\/IMG_7471_neu4.jpg\",\"width\":1800,\"height\":1138,\"caption\":\"Wiebke Kudernatsch\"},\"logo\":{\"@id\":\"https:\/\/audienceinmind.com\/#\/schema\/person\/image\/\"},\"description\":\"Durchf\u00fchrung von Product Discoveries und Design Sprints. User Experience Design f\u00fcr eine nutzerzentrierte Produktentwicklung. Wiebke Kudernatsch ist Fachexpertin f\u00fcr User Experience Design und Produktmanagement.\",\"sameAs\":[\"http:\/\/Audience%20in%20Mind\",\"https:\/\/www.linkedin.com\/in\/wiebke-kudernatsch-7706492\/\"]}]}<\/script>\n<!-- \/ Yoast SEO plugin. -->","yoast_head_json":{"title":"Datenschutzerkl\u00e4rung &#8211; Wiebke Kudernatsch","robots":{"index":"index","follow":"follow","max-snippet":"max-snippet:-1","max-image-preview":"max-image-preview:large","max-video-preview":"max-video-preview:-1"},"canonical":"https:\/\/audienceinmind.com\/en\/datenschutz\/","og_locale":"en_GB","og_type":"article","og_title":"Datenschutzerkl\u00e4rung &#8211; Wiebke Kudernatsch","og_description":"Datenschutzerkl\u00e4rung\u00a0 &nbsp; Verantwortliche Stelle im Sinne der EU Datenschutzverordnung f\u00fcr audienceinmind.com ist: Frau Wiebke Kudernatsch Kontakt Wiebke KudernatschWiebke KudernatschMarthastr. 4320259 Hamburgmail: wiebke@audienceinmind.com &nbsp; Geltungsbereich Diese Datenschutzerkl\u00e4rung soll die Nutzer dieser Website gem\u00e4\u00df europ\u00e4ischer Datenschutzgrundverordnung (DSGVO) \u00fcber die Art, den Umfang und den Zweck der Erhebung und Verwendung personenbezogener Daten informieren.Der Websitebetreiber nimmt Ihren Datenschutz sehr [&hellip;]","og_url":"https:\/\/audienceinmind.com\/en\/datenschutz\/","og_site_name":"Wiebke Kudernatsch","article_modified_time":"2024-09-01T15:28:29+00:00","twitter_card":"summary_large_image","twitter_misc":{"Estimated reading time":"4 minutes"},"schema":{"@context":"https:\/\/schema.org","@graph":[{"@type":"WebPage","@id":"https:\/\/audienceinmind.com\/datenschutz\/","url":"https:\/\/audienceinmind.com\/datenschutz\/","name":"Datenschutzerkl\u00e4rung &#8211; Wiebke Kudernatsch","isPartOf":{"@id":"https:\/\/audienceinmind.com\/#website"},"datePublished":"2018-12-09T19:15:07+00:00","dateModified":"2024-09-01T15:28:29+00:00","breadcrumb":{"@id":"https:\/\/audienceinmind.com\/datenschutz\/#breadcrumb"},"inLanguage":"en-GB","potentialAction":[{"@type":"ReadAction","target":["https:\/\/audienceinmind.com\/datenschutz\/"]}]},{"@type":"BreadcrumbList","@id":"https:\/\/audienceinmind.com\/datenschutz\/#breadcrumb","itemListElement":[{"@type":"ListItem","position":1,"name":"Startseite","item":"https:\/\/audienceinmind.com\/"},{"@type":"ListItem","position":2,"name":"Datenschutzerkl\u00e4rung"}]},{"@type":"WebSite","@id":"https:\/\/audienceinmind.com\/#website","url":"https:\/\/audienceinmind.com\/","name":"Wiebke Kudernatsch","description":"UX Consulting &amp; Life-centred Design Thinking","publisher":{"@id":"https:\/\/audienceinmind.com\/#\/schema\/person\/7a4ef53dbd09745362e5c2bc5b1047ab"},"potentialAction":[{"@type":"SearchAction","target":{"@type":"EntryPoint","urlTemplate":"https:\/\/audienceinmind.com\/?s={search_term_string}"},"query-input":"required name=search_term_string"}],"inLanguage":"en-GB"},{"@type":["Person","Organization"],"@id":"https:\/\/audienceinmind.com\/#\/schema\/person\/7a4ef53dbd09745362e5c2bc5b1047ab","name":"Wiebke Kudernatsch","image":{"@type":"ImageObject","inLanguage":"en-GB","@id":"https:\/\/audienceinmind.com\/#\/schema\/person\/image\/","url":"https:\/\/audienceinmind.com\/wp-content\/uploads\/2019\/07\/IMG_7471_neu4.jpg","contentUrl":"https:\/\/audienceinmind.com\/wp-content\/uploads\/2019\/07\/IMG_7471_neu4.jpg","width":1800,"height":1138,"caption":"Wiebke Kudernatsch"},"logo":{"@id":"https:\/\/audienceinmind.com\/#\/schema\/person\/image\/"},"description":"Durchf\u00fchrung von Product Discoveries und Design Sprints. User Experience Design f\u00fcr eine nutzerzentrierte Produktentwicklung. Wiebke Kudernatsch ist Fachexpertin f\u00fcr User Experience Design und Produktmanagement.","sameAs":["http:\/\/Audience%20in%20Mind","https:\/\/www.linkedin.com\/in\/wiebke-kudernatsch-7706492\/"]}]}},"_links":{"self":[{"href":"https:\/\/audienceinmind.com\/en\/wp-json\/wp\/v2\/pages\/138"}],"collection":[{"href":"https:\/\/audienceinmind.com\/en\/wp-json\/wp\/v2\/pages"}],"about":[{"href":"https:\/\/audienceinmind.com\/en\/wp-json\/wp\/v2\/types\/page"}],"author":[{"embeddable":true,"href":"https:\/\/audienceinmind.com\/en\/wp-json\/wp\/v2\/users\/1"}],"replies":[{"embeddable":true,"href":"https:\/\/audienceinmind.com\/en\/wp-json\/wp\/v2\/comments?post=138"}],"version-history":[{"count":13,"href":"https:\/\/audienceinmind.com\/en\/wp-json\/wp\/v2\/pages\/138\/revisions"}],"predecessor-version":[{"id":1507,"href":"https:\/\/audienceinmind.com\/en\/wp-json\/wp\/v2\/pages\/138\/revisions\/1507"}],"wp:attachment":[{"href":"https:\/\/audienceinmind.com\/en\/wp-json\/wp\/v2\/media?parent=138"}],"curies":[{"name":"wp","href":"https:\/\/api.w.org\/{rel}","templated":true}]}}